{"id":108,"date":"2023-06-27T19:10:27","date_gmt":"2023-06-27T17:10:27","guid":{"rendered":"https:\/\/okrivillage.com\/?page_id=108"},"modified":"2025-02-02T19:49:03","modified_gmt":"2025-02-02T18:49:03","slug":"equipo","status":"publish","type":"page","link":"https:\/\/okrivillage.com\/ca\/equipo\/","title":{"rendered":"EQUIP"},"content":{"rendered":"<div data-elementor-type=\"wp-page\" data-elementor-id=\"108\" class=\"elementor elementor-108\" data-elementor-post-type=\"page\">\n\t\t\t\t\t\t\t\t\t<section class=\"elementor-section elementor-top-section elementor-element elementor-element-e8eae9b elementor-section-height-min-height elementor-section-boxed elementor-section-height-default elementor-section-items-middle\" data-id=\"e8eae9b\" data-element_type=\"section\" data-settings=\"{&quot;background_background&quot;:&quot;classic&quot;}\">\n\t\t\t\t\t\t\t<div class=\"elementor-background-overlay\"><\/div>\n\t\t\t\t\t\t\t<div class=\"elementor-container elementor-column-gap-default\">\n\t\t\t\t\t<div class=\"elementor-column elementor-col-100 elementor-top-column elementor-element elementor-element-5a48cf5e\" data-id=\"5a48cf5e\" data-element_type=\"column\">\n\t\t\t<div class=\"elementor-widget-wrap elementor-element-populated\">\n\t\t\t\t\t\t\t\t<div class=\"elementor-element elementor-element-783e2bf elementor-widget__width-initial elementor-widget elementor-widget-heading\" data-id=\"783e2bf\" data-element_type=\"widget\" data-widget_type=\"heading.default\">\n\t\t\t\t<div class=\"elementor-widget-container\">\n\t\t\t<style>\/*! elementor - v3.14.0 - 26-06-2023 *\/\n.elementor-heading-title{padding:0;margin:0;line-height:1}.elementor-widget-heading .elementor-heading-title[class*=elementor-size-]>a{color:inherit;font-size:inherit;line-height:inherit}.elementor-widget-heading .elementor-heading-title.elementor-size-small{font-size:15px}.elementor-widget-heading .elementor-heading-title.elementor-size-medium{font-size:19px}.elementor-widget-heading .elementor-heading-title.elementor-size-large{font-size:29px}.elementor-widget-heading .elementor-heading-title.elementor-size-xl{font-size:39px}.elementor-widget-heading .elementor-heading-title.elementor-size-xxl{font-size:59px}<\/style><h1 class=\"elementor-heading-title elementor-size-default\">coneix-nos<\/h1>\t\t<\/div>\n\t\t\t\t<\/div>\n\t\t\t\t\t<\/div>\n\t\t<\/div>\n\t\t\t\t\t\t\t<\/div>\n\t\t<\/section>\n\t\t\t\t<section class=\"elementor-section elementor-top-section elementor-element elementor-element-2ef1ccf elementor-section-full_width elementor-section-height-default elementor-section-height-default\" data-id=\"2ef1ccf\" data-element_type=\"section\">\n\t\t\t\t\t\t<div class=\"elementor-container elementor-column-gap-no\">\n\t\t\t\t\t<div class=\"elementor-column elementor-col-100 elementor-top-column elementor-element elementor-element-94a4a87\" data-id=\"94a4a87\" data-element_type=\"column\">\n\t\t\t<div class=\"elementor-widget-wrap elementor-element-populated\">\n\t\t\t\t\t\t\t\t<section class=\"elementor-section elementor-inner-section elementor-element elementor-element-076daf7 elementor-section-boxed elementor-section-height-default elementor-section-height-default\" data-id=\"076daf7\" data-element_type=\"section\">\n\t\t\t\t\t\t<div class=\"elementor-container elementor-column-gap-default\">\n\t\t\t\t\t<div class=\"elementor-column elementor-col-100 elementor-inner-column elementor-element elementor-element-015d052\" data-id=\"015d052\" data-element_type=\"column\" data-settings=\"{&quot;background_background&quot;:&quot;classic&quot;}\">\n\t\t\t<div class=\"elementor-widget-wrap elementor-element-populated\">\n\t\t\t\t\t\t\t\t<div class=\"elementor-element elementor-element-0ec35f0 elementor-widget elementor-widget-image\" data-id=\"0ec35f0\" data-element_type=\"widget\" data-widget_type=\"image.default\">\n\t\t\t\t<div class=\"elementor-widget-container\">\n\t\t\t<style>\/*! elementor - v3.14.0 - 26-06-2023 *\/\n.elementor-widget-image{text-align:center}.elementor-widget-image a{display:inline-block}.elementor-widget-image a img[src$=\".svg\"]{width:48px}.elementor-widget-image img{vertical-align:middle;display:inline-block}<\/style>\t\t\t\t\t\t\t\t\t\t\t\t<img decoding=\"async\" src=\"https:\/\/okrivillage.com\/wp-content\/uploads\/elementor\/thumbs\/2023-09-20_16h10_05-qcoyeqebspnj8lnl7s58c6c7ss6sf17m2ntcc0m7sg.jpg\" title=\"2023-09-20_16h10_05\" alt=\"2023-09-20_16h10_05\" loading=\"lazy\" \/>\t\t\t\t\t\t\t\t\t\t\t\t\t\t\t<\/div>\n\t\t\t\t<\/div>\n\t\t\t\t<div class=\"elementor-element elementor-element-1e45fbd elementor-widget elementor-widget-heading\" data-id=\"1e45fbd\" data-element_type=\"widget\" data-widget_type=\"heading.default\">\n\t\t\t\t<div class=\"elementor-widget-container\">\n\t\t\t<h6 class=\"elementor-heading-title elementor-size-default\">DOLORS<\/h6>\t\t<\/div>\n\t\t\t\t<\/div>\n\t\t\t\t<div class=\"elementor-element elementor-element-cc9e846 elementor-widget elementor-widget-text-editor\" data-id=\"cc9e846\" data-element_type=\"widget\" data-widget_type=\"text-editor.default\">\n\t\t\t\t<div class=\"elementor-widget-container\">\n\t\t\t<style>\/*! elementor - v3.14.0 - 26-06-2023 *\/\n.elementor-widget-text-editor.elementor-drop-cap-view-stacked .elementor-drop-cap{background-color:#69727d;color:#fff}.elementor-widget-text-editor.elementor-drop-cap-view-framed .elementor-drop-cap{color:#69727d;border:3px solid;background-color:transparent}.elementor-widget-text-editor:not(.elementor-drop-cap-view-default) .elementor-drop-cap{margin-top:8px}.elementor-widget-text-editor:not(.elementor-drop-cap-view-default) .elementor-drop-cap-letter{width:1em;height:1em}.elementor-widget-text-editor .elementor-drop-cap{float:left;text-align:center;line-height:1;font-size:50px}.elementor-widget-text-editor .elementor-drop-cap-letter{display:inline-block}<\/style>\t\t\t\t<p style=\"text-align: center;\">El meu nom \u00e9s <b>Maria Dolors<\/b>, aquest \u00e9s el nom que els meus\u00a0<span style=\"letter-spacing: 1.2px;\">pares van triar per a mi en aquesta exist\u00e8ncia. Els primers 18 anys la meva vida\u00a0<\/span><span style=\"letter-spacing: 1.2px;\">van transc\u00f3rrer al petit poble de Puiggr\u00f2s. Aqu\u00ed hi ha les meves arrels, el\u00a0<\/span><span style=\"letter-spacing: 1.2px;\">lloc que la meva \u00e0nima va triar per encarnar en aquesta vida.\u00a0<\/span><\/p><p style=\"text-align: center;\"><span style=\"letter-spacing: 0px;\">Des de la meva autenticitat i el coneixement que he apr\u00e8s puc\u00a0<\/span><span style=\"letter-spacing: 1.2px;\">transmetre tot all\u00f2 que he anat recordant i integrant al llarg de\u00a0<\/span><span style=\"letter-spacing: 1.2px;\">la meva vida.\u00a0<\/span><span style=\"letter-spacing: 0px;\">Dins meu habita l&#039;ess\u00e8ncia de totes\u00a0<\/span><span style=\"letter-spacing: 1.2px;\">les vides que he viscut, la petjada de tots els meus avantpassats , la for\u00e7a de totes\u00a0<\/span><span style=\"letter-spacing: 1.2px;\">les dones del meu clan i l&#039;amor i la joia incondicional de tots els\u00a0<\/span><span style=\"letter-spacing: 1.2px;\">mestres, guies que m&#039;acompanyen en aquest cam\u00ed com a Maria Dolors<\/span><span style=\"letter-spacing: 1.2px;\">.\u00a0<\/span><\/p><p style=\"text-align: center;\"><span style=\"letter-spacing: 1.2px;\">Totes les persones tenim\u00a0<\/span><span style=\"letter-spacing: 1.2px;\">el nostre propi cam\u00ed evolutiu com a \u00e0nimes. El meu valor \u00e9s ajudar-vos a que inici\u00efs\u00a0<\/span><span style=\"letter-spacing: 1.2px;\">el vostre cam\u00ed, proporcioneu-vos les eines necess\u00e0ries que us ajudaran a\u00a0<\/span><span style=\"letter-spacing: 1.2px;\">elevar la vostra vibraci\u00f3 i poder entendre les diferents situacions que la vida\u00a0<\/span><span style=\"letter-spacing: 1.2px;\">us proposa amb les eines hol\u00edstiques disponibles.<\/span><\/p>\t\t\t\t\t\t<\/div>\n\t\t\t\t<\/div>\n\t\t\t\t\t<\/div>\n\t\t<\/div>\n\t\t\t\t\t\t\t<\/div>\n\t\t<\/section>\n\t\t\t\t\t<\/div>\n\t\t<\/div>\n\t\t\t\t\t\t\t<\/div>\n\t\t<\/section>\n\t\t\t\t\t\t\t<\/div>","protected":false},"excerpt":{"rendered":"<p>cON\u00d3CENOS DOLORS Mi nombre es Maria Dolors, ese es el nombre que mis\u00a0padres eligieron para mi en esta existencia. Los primeros 18 a\u00f1os mi vida\u00a0transcurrieron en el peque\u00f1o pueblo de Puiggr\u00f2s. Aqu\u00ed est\u00e1n mis ra\u00edces, el\u00a0sitio que mi alma eligi\u00f3 para encarnar en esta vida.\u00a0 Desde mi autenticidad y el conocimiento que he aprendido puedo\u00a0transmitir [&hellip;]<\/p>","protected":false},"author":1,"featured_media":0,"parent":0,"menu_order":0,"comment_status":"closed","ping_status":"closed","template":"elementor_header_footer","meta":{"footnotes":""},"class_list":["post-108","page","type-page","status-publish","hentry"],"_links":{"self":[{"href":"https:\/\/okrivillage.com\/ca\/wp-json\/wp\/v2\/pages\/108","targetHints":{"allow":["GET"]}}],"collection":[{"href":"https:\/\/okrivillage.com\/ca\/wp-json\/wp\/v2\/pages"}],"about":[{"href":"https:\/\/okrivillage.com\/ca\/wp-json\/wp\/v2\/types\/page"}],"author":[{"embeddable":true,"href":"https:\/\/okrivillage.com\/ca\/wp-json\/wp\/v2\/users\/1"}],"replies":[{"embeddable":true,"href":"https:\/\/okrivillage.com\/ca\/wp-json\/wp\/v2\/comments?post=108"}],"version-history":[{"count":184,"href":"https:\/\/okrivillage.com\/ca\/wp-json\/wp\/v2\/pages\/108\/revisions"}],"predecessor-version":[{"id":3603,"href":"https:\/\/okrivillage.com\/ca\/wp-json\/wp\/v2\/pages\/108\/revisions\/3603"}],"wp:attachment":[{"href":"https:\/\/okrivillage.com\/ca\/wp-json\/wp\/v2\/media?parent=108"}],"curies":[{"name":"wp","href":"https:\/\/api.w.org\/{rel}","templated":true}]}}