{"id":2499,"date":"2023-09-19T19:50:17","date_gmt":"2023-09-19T17:50:17","guid":{"rendered":"https:\/\/okrivillage.com\/?page_id=2499"},"modified":"2023-09-19T20:10:20","modified_gmt":"2023-09-19T18:10:20","slug":"politica-privacidad","status":"publish","type":"page","link":"https:\/\/okrivillage.com\/en\/politica-privacidad\/","title":{"rendered":"PRIVACY POLICY"},"content":{"rendered":"<div data-elementor-type=\"wp-page\" data-elementor-id=\"2499\" class=\"elementor elementor-2499\" data-elementor-post-type=\"page\">\n\t\t\t\t\t\t\t\t\t<section class=\"elementor-section elementor-top-section elementor-element elementor-element-77527a0 elementor-section-boxed elementor-section-height-default elementor-section-height-default\" data-id=\"77527a0\" data-element_type=\"section\">\n\t\t\t\t\t\t<div class=\"elementor-container elementor-column-gap-default\">\n\t\t\t\t\t<div class=\"elementor-column elementor-col-100 elementor-top-column elementor-element elementor-element-d9c3aa4\" data-id=\"d9c3aa4\" data-element_type=\"column\">\n\t\t\t<div class=\"elementor-widget-wrap elementor-element-populated\">\n\t\t\t\t\t\t\t\t<div class=\"elementor-element elementor-element-169fec0 elementor-widget elementor-widget-heading\" data-id=\"169fec0\" data-element_type=\"widget\" data-widget_type=\"heading.default\">\n\t\t\t\t<div class=\"elementor-widget-container\">\n\t\t\t<style>\/*! elementor - v3.14.0 - 26-06-2023 *\/\n.elementor-heading-title{padding:0;margin:0;line-height:1}.elementor-widget-heading .elementor-heading-title[class*=elementor-size-]>a{color:inherit;font-size:inherit;line-height:inherit}.elementor-widget-heading .elementor-heading-title.elementor-size-small{font-size:15px}.elementor-widget-heading .elementor-heading-title.elementor-size-medium{font-size:19px}.elementor-widget-heading .elementor-heading-title.elementor-size-large{font-size:29px}.elementor-widget-heading .elementor-heading-title.elementor-size-xl{font-size:39px}.elementor-widget-heading .elementor-heading-title.elementor-size-xxl{font-size:59px}<\/style><h6 class=\"elementor-heading-title elementor-size-default\">PRIVACY POLICY<\/h6>\t\t<\/div>\n\t\t\t\t<\/div>\n\t\t\t\t\t<\/div>\n\t\t<\/div>\n\t\t\t\t\t\t\t<\/div>\n\t\t<\/section>\n\t\t\t\t<section class=\"elementor-section elementor-top-section elementor-element elementor-element-5e7bc65 elementor-section-boxed elementor-section-height-default elementor-section-height-default\" data-id=\"5e7bc65\" data-element_type=\"section\">\n\t\t\t\t\t\t<div class=\"elementor-container elementor-column-gap-default\">\n\t\t\t\t\t<div class=\"elementor-column elementor-col-100 elementor-top-column elementor-element elementor-element-1a11ee5\" data-id=\"1a11ee5\" data-element_type=\"column\">\n\t\t\t<div class=\"elementor-widget-wrap elementor-element-populated\">\n\t\t\t\t\t\t\t\t<div class=\"elementor-element elementor-element-c5d3b8d elementor-widget elementor-widget-text-editor\" data-id=\"c5d3b8d\" data-element_type=\"widget\" data-widget_type=\"text-editor.default\">\n\t\t\t\t<div class=\"elementor-widget-container\">\n\t\t\t<style>\/*! elementor - v3.14.0 - 26-06-2023 *\/\n.elementor-widget-text-editor.elementor-drop-cap-view-stacked .elementor-drop-cap{background-color:#69727d;color:#fff}.elementor-widget-text-editor.elementor-drop-cap-view-framed .elementor-drop-cap{color:#69727d;border:3px solid;background-color:transparent}.elementor-widget-text-editor:not(.elementor-drop-cap-view-default) .elementor-drop-cap{margin-top:8px}.elementor-widget-text-editor:not(.elementor-drop-cap-view-default) .elementor-drop-cap-letter{width:1em;height:1em}.elementor-widget-text-editor .elementor-drop-cap{float:left;text-align:center;line-height:1;font-size:50px}.elementor-widget-text-editor .elementor-drop-cap-letter{display:inline-block}<\/style>\t\t\t\t<p>In accordance with the provisions of the European Data Protection Regulation (EU Regulation 2016\/679), we inform you that the personal data provided through this website will be processed by <strong>MARIA DOLORS HOUSE<\/strong> based on your consent and to carry out the requested management, respond to your request and send information of interest to you.<\/p><p>Personal data will be kept for the time established by current legislation or when deletion is requested. They will not be transferred to third parties nor is the international transfer of data planned.<\/p><p>You can exercise your rights of access, rectification, cancellation, limitation, portability and opposition by writing to <strong>MARIA DOLORS HOUSE<\/strong>, with address at C\/ DEL POU No. 1 (25420) PUIGGR\u00d2S or by e-mail to <strong>info@okriVillage.com<\/strong>.<\/p>\t\t\t\t\t\t<\/div>\n\t\t\t\t<\/div>\n\t\t\t\t\t<\/div>\n\t\t<\/div>\n\t\t\t\t\t\t\t<\/div>\n\t\t<\/section>\n\t\t\t\t\t\t\t<\/div>","protected":false},"excerpt":{"rendered":"<p>POL\u00cdTICA DE PRIVACIDAD De conformidad a lo que establece el Reglamento Europeo de Protecci\u00f3n de Datos (Reglamento UE 2016\/679), le informamos que los datos personales facilitados a trav\u00e9s de este sitio web, ser\u00e1n tratados por CASA MARIA DOLORS en base a su consentimiento y para realizar la gesti\u00f3n solicitada, contestar a su solicitud y el [&hellip;]<\/p>","protected":false},"author":1,"featured_media":0,"parent":0,"menu_order":0,"comment_status":"closed","ping_status":"closed","template":"elementor_header_footer","meta":{"footnotes":""},"class_list":["post-2499","page","type-page","status-publish","hentry"],"_links":{"self":[{"href":"https:\/\/okrivillage.com\/en\/wp-json\/wp\/v2\/pages\/2499","targetHints":{"allow":["GET"]}}],"collection":[{"href":"https:\/\/okrivillage.com\/en\/wp-json\/wp\/v2\/pages"}],"about":[{"href":"https:\/\/okrivillage.com\/en\/wp-json\/wp\/v2\/types\/page"}],"author":[{"embeddable":true,"href":"https:\/\/okrivillage.com\/en\/wp-json\/wp\/v2\/users\/1"}],"replies":[{"embeddable":true,"href":"https:\/\/okrivillage.com\/en\/wp-json\/wp\/v2\/comments?post=2499"}],"version-history":[{"count":17,"href":"https:\/\/okrivillage.com\/en\/wp-json\/wp\/v2\/pages\/2499\/revisions"}],"predecessor-version":[{"id":2522,"href":"https:\/\/okrivillage.com\/en\/wp-json\/wp\/v2\/pages\/2499\/revisions\/2522"}],"wp:attachment":[{"href":"https:\/\/okrivillage.com\/en\/wp-json\/wp\/v2\/media?parent=2499"}],"curies":[{"name":"wp","href":"https:\/\/api.w.org\/{rel}","templated":true}]}}