{"id":2499,"date":"2023-09-19T19:50:17","date_gmt":"2023-09-19T17:50:17","guid":{"rendered":"https:\/\/okrivillage.com\/?page_id=2499"},"modified":"2023-09-19T20:10:20","modified_gmt":"2023-09-19T18:10:20","slug":"politica-privacidad","status":"publish","type":"page","link":"https:\/\/okrivillage.com\/fr\/politica-privacidad\/","title":{"rendered":"POLITIQUE DE CONFIDENTIALIT\u00c9"},"content":{"rendered":"<div data-elementor-type=\"wp-page\" data-elementor-id=\"2499\" class=\"elementor elementor-2499\" data-elementor-post-type=\"page\">\n\t\t\t\t\t\t\t\t\t<section class=\"elementor-section elementor-top-section elementor-element elementor-element-77527a0 elementor-section-boxed elementor-section-height-default elementor-section-height-default\" data-id=\"77527a0\" data-element_type=\"section\">\n\t\t\t\t\t\t<div class=\"elementor-container elementor-column-gap-default\">\n\t\t\t\t\t<div class=\"elementor-column elementor-col-100 elementor-top-column elementor-element elementor-element-d9c3aa4\" data-id=\"d9c3aa4\" data-element_type=\"column\">\n\t\t\t<div class=\"elementor-widget-wrap elementor-element-populated\">\n\t\t\t\t\t\t\t\t<div class=\"elementor-element elementor-element-169fec0 elementor-widget elementor-widget-heading\" data-id=\"169fec0\" data-element_type=\"widget\" data-widget_type=\"heading.default\">\n\t\t\t\t<div class=\"elementor-widget-container\">\n\t\t\t<style>\/*! elementor - v3.14.0 - 26-06-2023 *\/\n.elementor-heading-title{padding:0;margin:0;line-height:1}.elementor-widget-heading .elementor-heading-title[class*=elementor-size-]>a{color:inherit;font-size:inherit;line-height:inherit}.elementor-widget-heading .elementor-heading-title.elementor-size-small{font-size:15px}.elementor-widget-heading .elementor-heading-title.elementor-size-medium{font-size:19px}.elementor-widget-heading .elementor-heading-title.elementor-size-large{font-size:29px}.elementor-widget-heading .elementor-heading-title.elementor-size-xl{font-size:39px}.elementor-widget-heading .elementor-heading-title.elementor-size-xxl{font-size:59px}<\/style><h6 class=\"elementor-heading-title elementor-size-default\">POLITIQUE DE CONFIDENTIALIT\u00c9<\/h6>\t\t<\/div>\n\t\t\t\t<\/div>\n\t\t\t\t\t<\/div>\n\t\t<\/div>\n\t\t\t\t\t\t\t<\/div>\n\t\t<\/section>\n\t\t\t\t<section class=\"elementor-section elementor-top-section elementor-element elementor-element-5e7bc65 elementor-section-boxed elementor-section-height-default elementor-section-height-default\" data-id=\"5e7bc65\" data-element_type=\"section\">\n\t\t\t\t\t\t<div class=\"elementor-container elementor-column-gap-default\">\n\t\t\t\t\t<div class=\"elementor-column elementor-col-100 elementor-top-column elementor-element elementor-element-1a11ee5\" data-id=\"1a11ee5\" data-element_type=\"column\">\n\t\t\t<div class=\"elementor-widget-wrap elementor-element-populated\">\n\t\t\t\t\t\t\t\t<div class=\"elementor-element elementor-element-c5d3b8d elementor-widget elementor-widget-text-editor\" data-id=\"c5d3b8d\" data-element_type=\"widget\" data-widget_type=\"text-editor.default\">\n\t\t\t\t<div class=\"elementor-widget-container\">\n\t\t\t<style>\/*! elementor - v3.14.0 - 26-06-2023 *\/\n.elementor-widget-text-editor.elementor-drop-cap-view-stacked .elementor-drop-cap{background-color:#69727d;color:#fff}.elementor-widget-text-editor.elementor-drop-cap-view-framed .elementor-drop-cap{color:#69727d;border:3px solid;background-color:transparent}.elementor-widget-text-editor:not(.elementor-drop-cap-view-default) .elementor-drop-cap{margin-top:8px}.elementor-widget-text-editor:not(.elementor-drop-cap-view-default) .elementor-drop-cap-letter{width:1em;height:1em}.elementor-widget-text-editor .elementor-drop-cap{float:left;text-align:center;line-height:1;font-size:50px}.elementor-widget-text-editor .elementor-drop-cap-letter{display:inline-block}<\/style>\t\t\t\t<p>Conform\u00e9ment aux dispositions du R\u00e8glement europ\u00e9en sur la protection des donn\u00e9es (R\u00e8glement UE 2016\/679), nous vous informons que les donn\u00e9es personnelles fournies via ce site seront trait\u00e9es par <strong>MAISON MARIA DOLORS<\/strong> sur la base de votre consentement et pour effectuer la gestion demand\u00e9e, r\u00e9pondre \u00e0 votre demande et envoyer les informations qui vous int\u00e9ressent.<\/p><p>Les donn\u00e9es personnelles seront conserv\u00e9es pendant la dur\u00e9e fix\u00e9e par la l\u00e9gislation en vigueur ou lorsque la suppression est demand\u00e9e. Elles ne seront pas c\u00e9d\u00e9es \u00e0 des tiers et aucun transfert international de donn\u00e9es n&#039;est pr\u00e9vu.<\/p><p>Vous pouvez exercer vos droits d&#039;acc\u00e8s, de rectification, d&#039;annulation, de limitation, de portabilit\u00e9 et d&#039;opposition en \u00e9crivant \u00e0 <strong>MAISON MARIA DOLORS<\/strong>, avec adresse \u00e0 C\/ DEL POU N\u00fam. 1 (25420) PUIGGR\u00d2S ou par e-mail \u00e0 <strong>info@okriVillage.com<\/strong>.<\/p>\t\t\t\t\t\t<\/div>\n\t\t\t\t<\/div>\n\t\t\t\t\t<\/div>\n\t\t<\/div>\n\t\t\t\t\t\t\t<\/div>\n\t\t<\/section>\n\t\t\t\t\t\t\t<\/div>","protected":false},"excerpt":{"rendered":"<p>POLITIQUE DE CONFIDENTIALIT\u00c9 Conform\u00e9ment aux dispositions du r\u00e8glement europ\u00e9en sur la protection des donn\u00e9es (R\u00e8glement UE 2016\/679), nous vous informons que les donn\u00e9es personnelles fournies via ce site Web seront trait\u00e9es par CASA MARIA DOLORS sur la base de votre consentement et pour effectuer la gestion demand\u00e9e, r\u00e9pondre \u00e0 votre demande et [\u2026]<\/p>","protected":false},"author":1,"featured_media":0,"parent":0,"menu_order":0,"comment_status":"closed","ping_status":"closed","template":"elementor_header_footer","meta":{"footnotes":""},"class_list":["post-2499","page","type-page","status-publish","hentry"],"_links":{"self":[{"href":"https:\/\/okrivillage.com\/fr\/wp-json\/wp\/v2\/pages\/2499","targetHints":{"allow":["GET"]}}],"collection":[{"href":"https:\/\/okrivillage.com\/fr\/wp-json\/wp\/v2\/pages"}],"about":[{"href":"https:\/\/okrivillage.com\/fr\/wp-json\/wp\/v2\/types\/page"}],"author":[{"embeddable":true,"href":"https:\/\/okrivillage.com\/fr\/wp-json\/wp\/v2\/users\/1"}],"replies":[{"embeddable":true,"href":"https:\/\/okrivillage.com\/fr\/wp-json\/wp\/v2\/comments?post=2499"}],"version-history":[{"count":17,"href":"https:\/\/okrivillage.com\/fr\/wp-json\/wp\/v2\/pages\/2499\/revisions"}],"predecessor-version":[{"id":2522,"href":"https:\/\/okrivillage.com\/fr\/wp-json\/wp\/v2\/pages\/2499\/revisions\/2522"}],"wp:attachment":[{"href":"https:\/\/okrivillage.com\/fr\/wp-json\/wp\/v2\/media?parent=2499"}],"curies":[{"name":"wp","href":"https:\/\/api.w.org\/{rel}","templated":true}]}}